{"id":10744,"date":"2018-10-03T14:54:41","date_gmt":"2018-10-03T14:54:41","guid":{"rendered":"https:\/\/www.houtinfobois.be\/?page_id=10744"},"modified":"2024-01-23T13:16:52","modified_gmt":"2024-01-23T12:16:52","slug":"houtlijm","status":"publish","type":"page","link":"https:\/\/www.houtinfobois.be\/nl\/technische-informatie\/de-materialen\/houtlijm\/","title":{"rendered":"Houtlijm"},"content":{"rendered":"<h1>Houtlijm<\/h1>\n<p>Welke lijm gebruiken voor welke toepassing? Dat hangt af van heel wat factoren. Van hoe de lijm chemisch is samengesteld bijvoorbeeld. Of welke textuur het te verlijmen materiaal heeft. Ook de belasting op de lijmvoeg speelt een rol. Bovendien gelden bij de verlijming van hout soms bepaalde voorschriften.<\/p>\n<p><strong>Hechte en duurzame kunstharsen<\/strong><br \/>\nHet doel van lijmen is eenvoudig: twee oppervlakken hecht, duurzaam en met voldoende weerstand met elkaar verbinden. De natuurlijke lijmen van vroeger \u2013 dierlijk of plantaardig \u2013 maakten plaats voor kunstharsen. Die zijn niet alleen effici\u00ebnter, maar ook duurzamer en beter aangepast aan de moderne productietechnieken.<\/p>\n<p><strong>Voordelen van verlijming<\/strong><br \/>\nVerlijming heeft vele voordelen. Bij een lijmverbinding is de belasting vrij homogeen verspreid over grotere oppervlakken. Bovendien is niet veel lijm nodig om grote volumes met elkaar te verbinden. Het is ook polyvalenter en voordeliger dan andere verbindingsmethoden.<\/p>\n<p>Kunstharsen bestaan in vele vormen en toepassingen:<\/p>\n<ul>\n<li>in vloeibare of pastavorm;<\/li>\n<li>uitzettend of krimpend bij het afbinden;<\/li>\n<li>verhardend onder invloed van warmte of koude;<\/li>\n<li>met dunne of dikke, harde of soepele lijmvoeg;<\/li>\n<li>bestand tegen water of chemische stoffen;<\/li>\n<li>verlijmbaar met andere materialen dan hout.<\/li>\n<\/ul>\n<p><strong>Hoe kiest u de juiste lijmsoort?<\/strong><br \/>\nDe aangepaste lijmsoort kiezen met het oog op de toepassing is geen sinecure. De lijm moet niet alleen verwerkbaar zijn binnen de omstandigheden van de werkplaats (met respect voor de milieuvoorschriften en afbindtijden). Hij moet na verharding ook de gewenste mechanische, fysische en chemische eigenschappen hebben \u00e9n behouden. Ten slotte moet de keuze ook financieel haalbaar zijn.<\/p>\n<p><strong>Hout lassen door wrijving<\/strong><br \/>\n<u><a href=\"https:\/\/www.houtinfobois.be\/wp-content\/uploads\/2019\/02\/95_NL_houtlassendoorwrijving1118.pdf\" target=\"_blank\" rel=\"noopener\">Meer info (pdf)<\/a><\/u><\/p>\n<p>Welk lijmtype kiezen? Enkele tips<\/p>\n<ul>\n<li>Houd rekening met de\u00a0<strong>chemische samenstelling<\/strong>van de materialen. Sommige houtsoorten bevatten stoffen die een goede hechting bemoeilijken (bijv. boss\u00e9, keruing, pitchpine, teak) of die de verharding van de lijm verhinderen (bijv. essenhout, framir\u00e9, tola, Western Red Cedar, ge\u00efmpregneerd hout).<\/li>\n<li>Let op de\u00a0<strong>porositeit, vlakheid en ruwheid<\/strong>van de te verlijmen oppervlakken. In de meeste gevallen is een vlak, vers geschaafd en\/of geschuurd en ontvet oppervlak nodig.<\/li>\n<li>Stem uw lijmkeuze af op de\u00a0<strong>persdruk, temperatuur en luchtvochtigheid<\/strong>bij de verwerking. De omstandigheden tijdens de afbindfase van de lijm bepalen het resultaat.<\/li>\n<li>Houd ook rekening met\u00a0<strong>mechanische belastingen en klimaatschommelingen<\/strong>. Die laatste wijzigen soms het houtvolume en stellen de lijmvoeg op de proef. Bovendien moet het lijmtype ook op de levensverwachting van de toepassing zijn afgestemd.<\/li>\n<\/ul>\n<table border=\"0\">\n<tbody>\n<tr>\n<td><img fetchpriority=\"high\" decoding=\"async\" src=\"\/wp-content\/uploads\/u3\/topeassing-lijm3_1.jpg\" width=\"310\" height=\"186\" border=\"0\" \/><\/td>\n<td><\/td>\n<td><img decoding=\"async\" src=\"\/wp-content\/uploads\/u3\/topeassing-lijm4_1.jpg\" width=\"310\" height=\"186\" border=\"0\" \/><\/td>\n<\/tr>\n<tr>\n<td class=\"kleinGrijs\">\u00a9 Lignum<\/td>\n<td><\/td>\n<td class=\"kleinGrijs\">\u00a9 Lignum<\/td>\n<\/tr>\n<tr>\n<td><\/td>\n<td><\/td>\n<td><\/td>\n<\/tr>\n<\/tbody>\n<\/table>\n<p>Lijmtypes<\/p>\n<p>Dit zijn de belangrijkste lijmtypes:<\/p>\n<ul>\n<li>fenoplasten en aminoplasten;<\/li>\n<li>vinylharsen;<\/li>\n<li>polyurethaanharsen;<\/li>\n<li>epoxyharsen;<\/li>\n<li>polychloroprene harsen;<\/li>\n<li>alcohollijmen;<\/li>\n<li>smeltlijmen\/polyurethaan hotmelts;<\/li>\n<li>natuurlijke en case\u00efnelijmen;<\/li>\n<li>cyanoacryllijmen;<\/li>\n<li>harsen op basis van gecondenseerde tannines.<\/li>\n<\/ul>\n<p>De mechanische en chemische eigenschappen van lijmen \u2013 meer bepaald de langdurige weerstand tegen water bijv. \u2013 bepalen of ze al dan niet geschikt zijn voor bepaalde toepassingen. Structurele toepassingen vragen bijvoorbeeld een hoge stijfheid en weerstand aan krachten, en\u00a0<em>kruip<\/em>\u00a0\u2013 vervormingen door belasting. Toepassing en plaats bepalen welke lijm het meest geschikt is:<\/p>\n<table>\n<tbody>\n<tr>\n<td><\/td>\n<td><strong>Structuurhout<\/strong><\/td>\n<td><strong>Schrijnwerk<\/strong><\/td>\n<\/tr>\n<tr>\n<td><strong>Buiten<\/strong><\/td>\n<td>resorcinol (RF, PRF), fenolformol (PF)<\/td>\n<td>epoxyharsen<\/td>\n<\/tr>\n<tr>\n<td><strong>Beschut<\/strong><\/td>\n<td>melamine (MUF, MPF), polyurethaan<br \/>\nmet \u00e9\u00e9n component<\/td>\n<td>vinylharsen met twee componenten,<br \/>\npolyurethaanharsen (PU),<br \/>\npolychloropreenharsen<\/td>\n<\/tr>\n<tr>\n<td><strong>Binnen<\/strong><\/td>\n<td>ureum-formaldehyde<\/td>\n<td>vinylharsen met \u00e9\u00e9n component,<br \/>\nsmeltlijmen<\/td>\n<\/tr>\n<\/tbody>\n<\/table>\n<table class=\"beeld\" style=\"float: left;\" border=\"0\">\n<tbody>\n<tr>\n<td><img decoding=\"async\" src=\"\/wp-content\/uploads\/u3\/toepassing-lijm7.jpg\" width=\"210\" height=\"315\" border=\"0\" \/><\/td>\n<\/tr>\n<tr>\n<td><\/td>\n<\/tr>\n<tr>\n<td><img loading=\"lazy\" decoding=\"async\" src=\"\/wp-content\/uploads\/u3\/toepassing-lijm6.jpg\" width=\"210\" height=\"315\" border=\"0\" \/><\/td>\n<\/tr>\n<tr>\n<td><\/td>\n<\/tr>\n<tr>\n<td><img loading=\"lazy\" decoding=\"async\" src=\"\/wp-content\/uploads\/u3\/toepassing-lijm8.jpg\" width=\"210\" height=\"168\" border=\"0\" \/><\/td>\n<\/tr>\n<tr>\n<td>\u00a9 Belgian Woodforum<\/td>\n<\/tr>\n<\/tbody>\n<\/table>\n<p><strong>Snelle afbinding, snelle verharding\u00a0<\/strong><\/p>\n<p>Hoe sneller de afbinding van de lijm, hoe minder lang de elementen in de pers moeten, hoe sneller het productieritme. Bij de meeste lijmen versnelt de externe toevoer van warmte de verharding. Die warmte kan van luchtblazers of elektrische warmtepersen komen. Toch zijn die proced\u00e9s ietwat verouderd.<\/p>\n<p><strong>Gerichte verhitting van de lijmvoeg<\/strong><br \/>\nVandaag verhogen hogefrequentie- of hyperfrequentiegeneratoren alleen de temperatuur in de lijmvoeg. Die gerichte techniek is heel doeltreffend om de polymerisering van fenollijmen, aminoplasten en vinylharsen te versnellen. Dat maakt ze rendabel, ondanks het minder gunstige energetische rendement.<\/p>\n<p><strong>Europese normalisatie<\/strong><br \/>\nDe minimumvereisten en -proeven voor lijmen zijn op Europees niveau gecertificeerd in twee referentiedocumenten:<\/p>\n<ul>\n<li>Norm EN 204 voor niet-structurele toepassingen geldt vooral voor schrijnwerklijmen. De norm onderscheidt vier performantieklassen waarbij de vochtbestendigheid van de lijmvoeg toeneemt:\n<ul>\n<li>D1 voor binnentoepassingen waarbij de temperatuur occasioneel en tijdelijk hoger is dan 50 \u00b0C en het houtvochtgehalte de 15% niet overschrijdt;<\/li>\n<li>D2 voor binnentoepassingen waarbij occasioneel kortstondige condensatie optreedt en\/of de relatieve luchtvochtigheid hoog is tijdens beperkte periodes;<\/li>\n<li>D3 voor binnentoepassingen waarbij vaak kortstondige condensatie optreedt en\/of de relatieve luchtvochtigheid hoog is tijdens langere periodes,en voor buitentoepassingen die beschut zijn tegen weersinvloeden;<\/li>\n<li>D4 voor binnentoepassingen waarbij vaak en veel condensatie optreedt, en voor buitentoepassingen die\u00a0<em>blootgesteld aan weersinvloeden<\/em>, met een aangepaste oppervlaktebekleding.<\/li>\n<\/ul>\n<\/li>\n<li>Norm EN 301 voor structurele toepassingen heeft alleen betrekking op feno- en aminoplasten, en onderscheidt twee types \u2013 I en II \u2013 waarbij de vocht- en temperatuurbestendigheid van de lijmvoeg toeneemt.<\/li>\n<\/ul>\n<p><strong>Fenoplasten en aminoplasten<\/strong><br \/>\nFenoplasten (PF, RF, PRF: fenol- en resorcinolijmen) en aminoplasten (UF, MF, MUF: ureum-formaldehydelijm, melamine-ureum-formaldehydelijm) zijn thermohardende lijmen. Ze bestaan uit een hars en een verharder die voor het gebruik worden vermengd. Bij PRF vormen zich dikke voegen, terwijl aminoplasten meestal kleurloos zijn.<\/p>\n<p>De industrie gebruikt feno- en aminoplasten vooral voor structurele verbindingen zoals gelijmd gelamelleerd hout, en plaatmateriaal zoals multiplex en spaanplaat. De lijmvoegen zijn redelijk tot goed bestand tegen vocht. Een verwerking volgens de voorschriften qua druk, temperatuur en houtvochtgehalte garanderen een optimaal resultaat.<\/p>\n<p><strong>Vinylharsen (PVAc)<\/strong><br \/>\nVinylharsen staan ook bekend als \u2018witte houtlijmen\u2019. Ze zijn geschikt voor zowel binnen- als buitenschrijnwerk. De kleurloze lijmvoegen blijven soepel en onderhevig aan kruip. Vinylharsen zijn weinig tot redelijk vochtbestendig, afhankelijk van de lijmformule.<\/p>\n<p><strong>Polyurethaanharsen (PU)<\/strong><br \/>\nDit zijn \u00e9\u00e9ncomponent- of tweecomponentenharsen waarvan het volume toeneemt bij de verharding. Dat zwelvermogen maakt het mogelijk om oppervlakken die niet perfect aaneensluiten, samen te voegen. Polyurethaanharsen zijn redelijk goed bestand tegen vocht, maar hun weerstand bij belasting is nog onvoldoende gekend. Ze zijn vooral populair bij schrijnwerkers. Ook voor dragende verbindingen worden ze meer en meer aangewend.<\/p>\n<p><strong>Epoxyharsen<\/strong><br \/>\nEpoxyharsen bestaan uit twee componenten. De koud verlijmde voegen hebben een wisselende dikte, zijn relatief stijf, en vocht- en temperatuurbestendig. Epoxyharsen zijn geschikt voor de restauratie van structuren die zijn aangetast door zwammen of insecten.<\/p>\n<p><strong>Polychloroprene harsen<\/strong><br \/>\nDeze \u2018contactlijmen\u2019 zijn samengesteld op basis van geregenereerd rubber en geven een heel soepele voeg. Vooral materialen met verschillende uitzettingsco\u00ebffici\u00ebnten \u2013 hout-metaal of hout-keramiek bijv. \u2013 \u00a0zijn hiermee goed verlijmbaar.<\/p>\n<p><strong>Alcohollijmen<\/strong><br \/>\nDeze lijmen zijn vooral geschikt om parket op een absorberende onderlaag \u2013 zoals beton \u2013 te bevestigen.<\/p>\n<p><strong>Smeltlijmen<\/strong>\u00a0(butyl, SBR, polyamiden)<br \/>\nBij smeltlijm of hot melt gebeurt de verlijming warm. Dat gebeurt vooral in de industrie, voor de kantverlijming van plaatmateriaal. De mechanische prestaties zijn beperkt. Daarom worden smeltlijmen ook aangewend om elementen tijdens het productieproces tijdelijk op hun plaats te houden.<\/p>\n<p><strong>Polyurethaan hotmelts<\/strong><br \/>\nPolyurethaan smeltlijm is een nieuwe ontwikkeling. Hierbij is de verharder bedekt met een laagje polymeer, en zo in de lijm vermengd. Bij verhitting komt de harder vrij in contact met de hars, wat de verharding versnelt. Resultaat is een hoge en flexibele kleefkracht en goede bestendigheid tegen klimaatschommelingen. De techniek is veiliger, milieuvriendelijker en rendabeler dan veel klassieke verlijmingstypes. Toch vraagt de installatie een forse startinvestering.<\/p>\n<p><strong>Natuurlijke en case\u00efnelijmen<\/strong><br \/>\nLijmen op basis van dierlijke prote\u00efnen \u2013 zoals beenderen, huid en vis \u2013 zijn alleen nog in gebruik voor de restauratie van kunstvoorwerpen en antieke meubelen. Case\u00efnelijmen behoren tot dezelfde familie. Enkele landen gebruiken ze nog industrieel om structurele binnenelementen met elkaar te verbinden.<\/p>\n<p><strong>Cyanoacryllijmen<\/strong><br \/>\nDeze lijmen zijn industrieel bijna helemaal uit gebruik. Toch hechten ze hout perfect aan andere materialen. De voegen moeten dun zijn en bij het afbinden moet een korte maar intense druk op de verbinding worden uitgeoefend.<\/p>\n<p><strong>Harsen op basis van gecondenseerde tannines<\/strong><br \/>\nGecondenseerde tannines zijn overvloedig aanwezig in het hout en de harsen van bepaalde houtsoorten (<em>Acacia, Schinopsis, Tsuga, Rhus<\/em>, grenenhars). Harsen op basis van tannines verkorten de perstijd van spaanderplaten. Ze maken het ook mogelijk om vochtiger houtdeeltjes te gebruiken dan bij feno- en aminoplasten.<\/p>\n","protected":false},"excerpt":{"rendered":"<p>Er bestaan verschillende soorten houtlijm, elk geschikt voor specifieke teopassingen<\/p>\n","protected":false},"author":177,"featured_media":36256,"parent":10747,"menu_order":120,"comment_status":"closed","ping_status":"closed","template":"","meta":{"_acf_changed":false,"footnotes":""},"class_list":["post-10744","page","type-page","status-publish","has-post-thumbnail","hentry"],"acf":[],"yoast_head":"<!-- This site is optimized with the Yoast SEO plugin v27.1.1 - https:\/\/yoast.com\/product\/yoast-seo-wordpress\/ -->\n<title>Houtlijm - Hout Info Bois<\/title>\n<meta name=\"robots\" content=\"index, follow, max-snippet:-1, max-image-preview:large, max-video-preview:-1\" \/>\n<link rel=\"canonical\" href=\"https:\/\/www.houtinfobois.be\/nl\/technische-informatie\/de-materialen\/houtlijm\/\" \/>\n<meta property=\"og:locale\" content=\"nl_NL\" \/>\n<meta property=\"og:type\" content=\"article\" \/>\n<meta property=\"og:title\" content=\"Houtlijm - Hout Info Bois\" \/>\n<meta property=\"og:description\" content=\"Er bestaan verschillende soorten houtlijm, elk geschikt voor specifieke teopassingen\" \/>\n<meta property=\"og:url\" content=\"https:\/\/www.houtinfobois.be\/nl\/technische-informatie\/de-materialen\/houtlijm\/\" \/>\n<meta property=\"og:site_name\" content=\"Hout Info Bois\" \/>\n<meta property=\"article:publisher\" content=\"https:\/\/fr-fr.facebook.com\/HoutInfoBois\" \/>\n<meta property=\"article:modified_time\" content=\"2024-01-23T12:16:52+00:00\" \/>\n<meta property=\"og:image\" content=\"https:\/\/www.houtinfobois.be\/wp-content\/uploads\/2021\/05\/Lamelle-colle-colle-Hoffmann-3-scaled.jpg\" \/>\n\t<meta property=\"og:image:width\" content=\"2560\" \/>\n\t<meta property=\"og:image:height\" content=\"1920\" \/>\n\t<meta property=\"og:image:type\" content=\"image\/jpeg\" \/>\n<meta name=\"twitter:card\" content=\"summary_large_image\" \/>\n<meta name=\"twitter:label1\" content=\"Geschatte leestijd\" \/>\n\t<meta name=\"twitter:data1\" content=\"8 minuten\" \/>\n<!-- \/ Yoast SEO plugin. -->","yoast_head_json":{"title":"Houtlijm - Hout Info Bois","robots":{"index":"index","follow":"follow","max-snippet":"max-snippet:-1","max-image-preview":"max-image-preview:large","max-video-preview":"max-video-preview:-1"},"canonical":"https:\/\/www.houtinfobois.be\/nl\/technische-informatie\/de-materialen\/houtlijm\/","og_locale":"nl_NL","og_type":"article","og_title":"Houtlijm - Hout Info Bois","og_description":"Er bestaan verschillende soorten houtlijm, elk geschikt voor specifieke teopassingen","og_url":"https:\/\/www.houtinfobois.be\/nl\/technische-informatie\/de-materialen\/houtlijm\/","og_site_name":"Hout Info Bois","article_publisher":"https:\/\/fr-fr.facebook.com\/HoutInfoBois","article_modified_time":"2024-01-23T12:16:52+00:00","og_image":[{"width":2560,"height":1920,"url":"https:\/\/www.houtinfobois.be\/wp-content\/uploads\/2021\/05\/Lamelle-colle-colle-Hoffmann-3-scaled.jpg","type":"image\/jpeg"}],"twitter_card":"summary_large_image","twitter_misc":{"Geschatte leestijd":"8 minuten"},"schema":{"@context":"https:\/\/schema.org","@graph":[{"@type":"WebPage","@id":"https:\/\/www.houtinfobois.be\/nl\/technische-informatie\/de-materialen\/houtlijm\/","url":"https:\/\/www.houtinfobois.be\/nl\/technische-informatie\/de-materialen\/houtlijm\/","name":"Houtlijm - Hout Info Bois","isPartOf":{"@id":"https:\/\/www.houtinfobois.be\/#website"},"primaryImageOfPage":{"@id":"https:\/\/www.houtinfobois.be\/nl\/technische-informatie\/de-materialen\/houtlijm\/#primaryimage"},"image":{"@id":"https:\/\/www.houtinfobois.be\/nl\/technische-informatie\/de-materialen\/houtlijm\/#primaryimage"},"thumbnailUrl":"https:\/\/www.houtinfobois.be\/wp-content\/uploads\/2021\/05\/Lamelle-colle-colle-Hoffmann-3-scaled.jpg","datePublished":"2018-10-03T14:54:41+00:00","dateModified":"2024-01-23T12:16:52+00:00","breadcrumb":{"@id":"https:\/\/www.houtinfobois.be\/nl\/technische-informatie\/de-materialen\/houtlijm\/#breadcrumb"},"inLanguage":"nl-NL","potentialAction":[{"@type":"ReadAction","target":["https:\/\/www.houtinfobois.be\/nl\/technische-informatie\/de-materialen\/houtlijm\/"]}]},{"@type":"ImageObject","inLanguage":"nl-NL","@id":"https:\/\/www.houtinfobois.be\/nl\/technische-informatie\/de-materialen\/houtlijm\/#primaryimage","url":"https:\/\/www.houtinfobois.be\/wp-content\/uploads\/2021\/05\/Lamelle-colle-colle-Hoffmann-3-scaled.jpg","contentUrl":"https:\/\/www.houtinfobois.be\/wp-content\/uploads\/2021\/05\/Lamelle-colle-colle-Hoffmann-3-scaled.jpg","width":2560,"height":1920},{"@type":"BreadcrumbList","@id":"https:\/\/www.houtinfobois.be\/nl\/technische-informatie\/de-materialen\/houtlijm\/#breadcrumb","itemListElement":[{"@type":"ListItem","position":1,"name":"Accueil","item":"https:\/\/www.houtinfobois.be\/nl\/"},{"@type":"ListItem","position":2,"name":"Technische informatie","item":"https:\/\/www.houtinfobois.be\/nl\/technische-informatie\/"},{"@type":"ListItem","position":3,"name":"De materialen","item":"https:\/\/www.houtinfobois.be\/nl\/technische-informatie\/de-materialen\/"},{"@type":"ListItem","position":4,"name":"Houtlijm"}]},{"@type":"WebSite","@id":"https:\/\/www.houtinfobois.be\/#website","url":"https:\/\/www.houtinfobois.be\/","name":"Hout Info Bois","description":"Le centre national d\u2019information technique sur le bois et ses usages","publisher":{"@id":"https:\/\/www.houtinfobois.be\/#organization"},"potentialAction":[{"@type":"SearchAction","target":{"@type":"EntryPoint","urlTemplate":"https:\/\/www.houtinfobois.be\/?s={search_term_string}"},"query-input":{"@type":"PropertyValueSpecification","valueRequired":true,"valueName":"search_term_string"}}],"inLanguage":"nl-NL"},{"@type":"Organization","@id":"https:\/\/www.houtinfobois.be\/#organization","name":"Hout Info Bois","url":"https:\/\/www.houtinfobois.be\/","logo":{"@type":"ImageObject","inLanguage":"nl-NL","@id":"https:\/\/www.houtinfobois.be\/#\/schema\/logo\/image\/","url":"https:\/\/www.houtinfobois.be\/wp-content\/uploads\/2025\/08\/houtinfobois.png","contentUrl":"https:\/\/www.houtinfobois.be\/wp-content\/uploads\/2025\/08\/houtinfobois.png","width":320,"height":106,"caption":"Hout Info Bois"},"image":{"@id":"https:\/\/www.houtinfobois.be\/#\/schema\/logo\/image\/"},"sameAs":["https:\/\/fr-fr.facebook.com\/HoutInfoBois"]}]}},"_links":{"self":[{"href":"https:\/\/www.houtinfobois.be\/nl\/wp-json\/wp\/v2\/pages\/10744","targetHints":{"allow":["GET"]}}],"collection":[{"href":"https:\/\/www.houtinfobois.be\/nl\/wp-json\/wp\/v2\/pages"}],"about":[{"href":"https:\/\/www.houtinfobois.be\/nl\/wp-json\/wp\/v2\/types\/page"}],"author":[{"embeddable":true,"href":"https:\/\/www.houtinfobois.be\/nl\/wp-json\/wp\/v2\/users\/177"}],"replies":[{"embeddable":true,"href":"https:\/\/www.houtinfobois.be\/nl\/wp-json\/wp\/v2\/comments?post=10744"}],"version-history":[{"count":8,"href":"https:\/\/www.houtinfobois.be\/nl\/wp-json\/wp\/v2\/pages\/10744\/revisions"}],"predecessor-version":[{"id":44267,"href":"https:\/\/www.houtinfobois.be\/nl\/wp-json\/wp\/v2\/pages\/10744\/revisions\/44267"}],"up":[{"embeddable":true,"href":"https:\/\/www.houtinfobois.be\/nl\/wp-json\/wp\/v2\/pages\/10747"}],"wp:featuredmedia":[{"embeddable":true,"href":"https:\/\/www.houtinfobois.be\/nl\/wp-json\/wp\/v2\/media\/36256"}],"wp:attachment":[{"href":"https:\/\/www.houtinfobois.be\/nl\/wp-json\/wp\/v2\/media?parent=10744"}],"curies":[{"name":"wp","href":"https:\/\/api.w.org\/{rel}","templated":true}]}}